{"id":28867,"date":"2026-03-10T09:48:14","date_gmt":"2026-03-10T09:48:14","guid":{"rendered":"https:\/\/srmtradingcorporation.com\/?post_type=product&#038;p=28867"},"modified":"2026-03-10T09:49:20","modified_gmt":"2026-03-10T09:49:20","slug":"dcp-dynamic-cone-penetrometer","status":"publish","type":"product","link":"https:\/\/srmtradingcorporation.com\/?product=dcp-dynamic-cone-penetrometer","title":{"rendered":"DCP Dynamic Cone Penetrometer"},"content":{"rendered":"<p>DCP Dynamic Cone Penetrometer BD | Civil Soil Equipment BD Price<\/p>\n<p><strong>Dynamic cone Penetrometer (DPC) Bangladesh\u00a0<\/strong><\/p>\n<p>8Kg Dropping weight with 575mm drop;\u00a02 Penetration tips 60 degree cone, 20mm dia,<\/p>\n<p>Drive rod 1 meter long, Vertical scale,\u00c2 Wrench and Carrying case,\u00a0Extension rod 2m<\/p>\n<p><a href=\"http:\/\/rtcdhaka.com\/product\/rebound-hammer-test-on-concrete-test-hammerht-225-concrete-test-hammer-l8ab5\/\"><strong>Minimum Testing depth to 850mm<\/strong><\/a><\/p>\n<p>The Dynamic Cone Penetrometer (DCP) is used\u00c2<\/p>\n<p><b>to determine underlying soil strength<\/b><\/p>\n<p>\u00c2 by measuring the penetration of the device into soil after each hammer blow.<\/p>\n<p><em><strong>DCP Dynamic Cone Penetrometer more details in below :\u00a0<\/strong><\/em><\/p>\n<p>The Dynamic Cone Penetration Test provides a measure of a material\u2019s in-situ resistance to penetration. The test is performed by driving a metal cone into the ground by repeated striking it with a 17.6 lb (8 Kg)weight dropped from a distance of 2.26 feet (575 mm).<\/p>\n<p>The penetration of the cone is measured after each blow andis recorded to provide a continuous measure of shearing resistance up to 5 feet below the ground surface. Test results can be correlated to California Bearing Ratios, in-situ density, resilient modulus, and bearing capacity.<\/p>\n<p><em><strong>This DCP Dynamic Cone Penetrometer Product is other name ::\u00a0<\/strong><\/em><\/p>\n<p>To determine underlying soil strength, DCP- Dynamic Cone Penetrometer is mainly used. It works by measuring the penetration of the device into soil after each hammer blow. Various important uses of this product concludes, To measure soil penetration resistance, To measure in-situ strength of granular, In civil-construction projects,\u00c2 For any kind of sand,clay,\u00c2 Material from subgrades, base, sub-base material,\u00c2 Provides info on soil compaction.<\/p>\n<p>DCP Dynamic Cone Penetrometer: dcp dynamic cone penetrometer, dcp test, dynamic cone penetrometer,<br \/>\ndynamic cone penetration test, dcp soil test, dynamic cone penetrometer test, dynamic cone penetration, dcp testing equipment, dynamic cone penetrometer astm, dynamic cone penetrometer price. DCP Dynamic Cone Penetrometer, This is ATS Stander DCP Dynamic Cone Penetrometer we are manufacturer in Bangladesh. if you any needs call: 01831016720, rtcdhaka2013@gmail.com\u00a0 , Rahim trading Corporation DCP Dynamic Cone Penetrometer- DCP Dynamic Cone Penetrometer<\/p>\n","protected":false},"excerpt":{"rendered":"<p><strong>Dynamic Cone Penetration Test-DCP<\/strong><\/p>\n<ul>\n<li>Capacity :: 8.5kg<\/li>\n<li>DCP Stander Accessories Box :: Wooden or Steeliness<\/li>\n<li>Importer: Dynamic Cone Penetration Test provides Rahim Trading Corporation \u2013 RTCDHAKA<\/li>\n<li>27, hatkhola Raod, Tikatoly, Dhaka-1203<\/li>\n<li>www.rtcdhaka.com,<\/li>\n<li>rtcdhaka2013@gmail.com<\/li>\n<li>whatAppas :: 8801831016720<\/li>\n<\/ul>\n","protected":false},"featured_media":28946,"template":"","meta":[],"product_brand":[],"product_cat":[2971],"product_tag":[],"class_list":{"0":"post-28867","1":"product","2":"type-product","3":"status-publish","4":"has-post-thumbnail","6":"product_cat-soil-equipment","8":"first","9":"instock","10":"sale","11":"shipping-taxable","12":"purchasable","13":"product-type-simple"},"_links":{"self":[{"href":"https:\/\/srmtradingcorporation.com\/index.php?rest_route=\/wp\/v2\/product\/28867","targetHints":{"allow":["GET"]}}],"collection":[{"href":"https:\/\/srmtradingcorporation.com\/index.php?rest_route=\/wp\/v2\/product"}],"about":[{"href":"https:\/\/srmtradingcorporation.com\/index.php?rest_route=\/wp\/v2\/types\/product"}],"wp:featuredmedia":[{"embeddable":true,"href":"https:\/\/srmtradingcorporation.com\/index.php?rest_route=\/wp\/v2\/media\/28946"}],"wp:attachment":[{"href":"https:\/\/srmtradingcorporation.com\/index.php?rest_route=%2Fwp%2Fv2%2Fmedia&parent=28867"}],"wp:term":[{"taxonomy":"product_brand","embeddable":true,"href":"https:\/\/srmtradingcorporation.com\/index.php?rest_route=%2Fwp%2Fv2%2Fproduct_brand&post=28867"},{"taxonomy":"product_cat","embeddable":true,"href":"https:\/\/srmtradingcorporation.com\/index.php?rest_route=%2Fwp%2Fv2%2Fproduct_cat&post=28867"},{"taxonomy":"product_tag","embeddable":true,"href":"https:\/\/srmtradingcorporation.com\/index.php?rest_route=%2Fwp%2Fv2%2Fproduct_tag&post=28867"}],"curies":[{"name":"wp","href":"https:\/\/api.w.org\/{rel}","templated":true}]}}